{"id":126,"date":"2021-11-08T01:39:30","date_gmt":"2021-11-08T01:39:30","guid":{"rendered":"https:\/\/thayneish.net\/deniseupdates\/?page_id=126"},"modified":"2024-08-04T16:06:39","modified_gmt":"2024-08-04T21:06:39","slug":"denise-writes","status":"publish","type":"page","link":"https:\/\/thayneish.net\/denise\/denise-writes\/","title":{"rendered":"Denise Writes"},"content":{"rendered":"\r\n<p>These are pages of things Denise has written.\u00a0<\/p>\r\n<p>The sections below live within the Denise Pages of Thayneish.net.\u00a0 \u00a0<\/p>\r\n<p>Other writing is available here: <a href=\"https:\/\/thayneish.net\/sala\/tiki-index.php\">Thayneish Conversations.<\/a><br \/>Future versions of writing may move to the wiki permanently.\u00a0 \u00a0 \u00a0 \u00a0<br \/><\/p>\n<div id=\"ccchildpages-1\" class=\"ccchildpages ccflex onecol myclass ccclearfix\"><div class=\"ccchildpage  ccodd ccpage-count-1 ccpage-id-220 ccpage-it-all-started-when-i-was-born ccpage-has-parent ccpage-pid-126 ccpage-parent-denise-writes\"><h3 class=\"ccpage_title ccpage_linked_title\" title=\"It all started when I was born&#8230;\"><a class=\"ccpage_title_link\" href=\"https:\/\/thayneish.net\/denise\/denise-writes\/it-all-started-when-i-was-born\/\" title=\"It all started when I was born&#8230;\">It all started when I was born&#8230;<\/a><\/h3><div class=\"ccpages_excerpt\">Denise writes, A testimony.\u00a0 July 10,2025 It all began when I was born. I\u2019m 61 now, so maybe I should have requested more time\u2026 Actually,...<\/div><p class=\"ccpages_more\"><a href=\"https:\/\/thayneish.net\/denise\/denise-writes\/it-all-started-when-i-was-born\/\"  title=\"Read more ...\">Read more ...<\/a><\/p><\/div><div class=\"ccchildpage  cceven ccpage-count-2 ccpage-id-114 ccpage-did-it-seem-handwritten ccpage-has-parent ccpage-pid-126 ccpage-parent-denise-writes\"><h3 class=\"ccpage_title ccpage_linked_title\" title=\"Did It Seem (handwritten)\"><a class=\"ccpage_title_link\" href=\"https:\/\/thayneish.net\/denise\/denise-writes\/did-it-seem-handwritten\/\" title=\"Did It Seem (handwritten)\">Did It Seem (handwritten)<\/a><\/h3><div class=\"ccpages_excerpt\">April\u00a0 2020 by Denise Thayne<\/div><p class=\"ccpages_more\"><a href=\"https:\/\/thayneish.net\/denise\/denise-writes\/did-it-seem-handwritten\/\"  title=\"Read more ...\">Read more ...<\/a><\/p><\/div><div class=\"ccchildpage  ccodd ccpage-count-3 ccpage-id-193 ccpage-les-mis-on-love ccpage-has-parent ccpage-pid-126 ccpage-parent-denise-writes\"><h3 class=\"ccpage_title ccpage_linked_title\" title=\"Quotes on Love\"><a class=\"ccpage_title_link\" href=\"https:\/\/thayneish.net\/denise\/denise-writes\/les-mis-on-love\/\" title=\"Quotes on Love\">Quotes on Love<\/a><\/h3><div class=\"ccpages_excerpt\">Have you read \"Les Miserables\" by Victor Hugo? Recently,\u00a0 Denise reflected on passages in this wonderful book on love: &nbsp; On love This is fitting...<\/div><p class=\"ccpages_more\"><a href=\"https:\/\/thayneish.net\/denise\/denise-writes\/les-mis-on-love\/\"  title=\"Read more ...\">Read more ...<\/a><\/p><\/div><div class=\"ccchildpage  cceven ccpage-count-4 ccpage-id-118 ccpage-reflecting-on-mary-and-martha-an-essay ccpage-has-parent ccpage-pid-126 ccpage-parent-denise-writes\"><h3 class=\"ccpage_title ccpage_linked_title\" title=\"Reflecting on Mary And Martha &#8211; an Essay 2020\"><a class=\"ccpage_title_link\" href=\"https:\/\/thayneish.net\/denise\/denise-writes\/reflecting-on-mary-and-martha-an-essay\/\" title=\"Reflecting on Mary And Martha &#8211; an Essay 2020\">Reflecting on Mary And Martha &#8211; an Essay 2020<\/a><\/h3><div class=\"ccpages_excerpt\">Ponderings About the Story of Mary and Martha, and Physics Denise Thayne Most of us have heard many sermons and probably read books and devotionals...<\/div><p class=\"ccpages_more\"><a href=\"https:\/\/thayneish.net\/denise\/denise-writes\/reflecting-on-mary-and-martha-an-essay\/\"  title=\"Read more ...\">Read more ...<\/a><\/p><\/div><div class=\"ccchildpage  ccodd ccpage-count-5 ccpage-id-16 ccpage-easter-2020-a-poem1 ccpage-has-parent ccpage-pid-126 ccpage-parent-denise-writes\"><h3 class=\"ccpage_title ccpage_linked_title\" title=\"Easter 2020 &#8211; a poem\"><a class=\"ccpage_title_link\" href=\"https:\/\/thayneish.net\/denise\/denise-writes\/easter-2020-a-poem1\/\" title=\"Easter 2020 &#8211; a poem\">Easter 2020 &#8211; a poem<\/a><\/h3><div class=\"ccpages_excerpt\">He is risen, my friends! Denise shared this heartfelt poem with me and it touched my heart, I thought that those that connect here may...<\/div><p class=\"ccpages_more\"><a href=\"https:\/\/thayneish.net\/denise\/denise-writes\/easter-2020-a-poem1\/\"  title=\"Read more ...\">Read more ...<\/a><\/p><\/div><div class=\"ccchildpage  cceven ccpage-count-6 ccpage-id-186 ccpage-saint-patricks-day-2022 ccpage-has-parent ccpage-pid-126 ccpage-parent-denise-writes\"><h3 class=\"ccpage_title ccpage_linked_title\" title=\"Saint Patrick&#8217;s Day 2022\"><a class=\"ccpage_title_link\" href=\"https:\/\/thayneish.net\/denise\/denise-writes\/saint-patricks-day-2022\/\" title=\"Saint Patrick&#8217;s Day 2022\">Saint Patrick&#8217;s Day 2022<\/a><\/h3><div class=\"ccpages_excerpt\">The following is a brief summary of Patrick\u2019s life and my reflection, in part, of why St. Patrick is so dear to me. -- Denise...<\/div><p class=\"ccpages_more\"><a href=\"https:\/\/thayneish.net\/denise\/denise-writes\/saint-patricks-day-2022\/\"  title=\"Read more ...\">Read more ...<\/a><\/p><\/div><div class=\"ccchildpage  ccodd ccpage-count-7 ccpage-id-122 ccpage-spring-verse ccpage-has-parent ccpage-pid-126 ccpage-parent-denise-writes\"><h3 class=\"ccpage_title ccpage_linked_title\" title=\"Spring Verse\"><a class=\"ccpage_title_link\" href=\"https:\/\/thayneish.net\/denise\/denise-writes\/spring-verse\/\" title=\"Spring Verse\">Spring Verse<\/a><\/h3><div class=\"ccpages_excerpt\">Denise: This verse came to me as I was working in the yard today. May 28, 2020 It's no small thing \u00a0That spring\u00a0 Doesn't know\u00a0...<\/div><p class=\"ccpages_more\"><a href=\"https:\/\/thayneish.net\/denise\/denise-writes\/spring-verse\/\"  title=\"Read more ...\">Read more ...<\/a><\/p><\/div><div class=\"ccchildpage  cceven ccpage-count-8 ccpage-id-191 ccpage-oh-to-see-the-miracle ccpage-has-parent ccpage-pid-126 ccpage-parent-denise-writes\"><h3 class=\"ccpage_title ccpage_linked_title\" title=\"Oh To See the Miracle\"><a class=\"ccpage_title_link\" href=\"https:\/\/thayneish.net\/denise\/denise-writes\/oh-to-see-the-miracle\/\" title=\"Oh To See the Miracle\">Oh To See the Miracle<\/a><\/h3><div class=\"ccpages_excerpt\">&nbsp; Through the lens of men it appears impossible that Love should come as He did - that Love should call us 'Come as your...<\/div><p class=\"ccpages_more\"><a href=\"https:\/\/thayneish.net\/denise\/denise-writes\/oh-to-see-the-miracle\/\"  title=\"Read more ...\">Read more ...<\/a><\/p><\/div><div class=\"ccchildpage  ccodd ccpage-count-9 ccpage-id-116 ccpage-st-patricks-day-2020-an-espistle ccpage-has-parent ccpage-pid-126 ccpage-parent-denise-writes\"><h3 class=\"ccpage_title ccpage_linked_title\" title=\"St. Patrick&#8217;s Day 2020 An Espistle\"><a class=\"ccpage_title_link\" href=\"https:\/\/thayneish.net\/denise\/denise-writes\/st-patricks-day-2020-an-espistle\/\" title=\"St. Patrick&#8217;s Day 2020 An Espistle\">St. Patrick&#8217;s Day 2020 An Espistle<\/a><\/h3><div class=\"ccpages_excerpt\">L\u00e1 fh\u00e9ile P\u00e1draig sona dhaoibh!\u201d &nbsp;&nbsp;&nbsp;&nbsp;&nbsp;&nbsp;&nbsp;\u201cHappy St. Patrick's Day to you!\u201dI have been pondering this letter for almost two years now. I am astonished when...<\/div><p class=\"ccpages_more\"><a href=\"https:\/\/thayneish.net\/denise\/denise-writes\/st-patricks-day-2020-an-espistle\/\"  title=\"Read more ...\">Read more ...<\/a><\/p><\/div><\/div>\n<\/p>\r\n\r\n\r\n\r\n\r\n\r\n<p>&nbsp;<\/p>\r\n","protected":false},"excerpt":{"rendered":"<p>&nbsp;<\/p>\n","protected":false},"author":1,"featured_media":0,"parent":0,"menu_order":0,"comment_status":"closed","ping_status":"closed","template":"","meta":{"footnotes":""},"class_list":["post-126","page","type-page","status-publish","hentry","entry"],"blog_post_layout_featured_media_urls":{"thumbnail":"","full":""},"categories_names":null,"comments_number":"0","wpmagazine_modules_lite_featured_media_urls":{"thumbnail":"","cvmm-medium":"","cvmm-medium-plus":"","cvmm-portrait":"","cvmm-medium-square":"","cvmm-large":"","cvmm-small":"","full":""},"_links":{"self":[{"href":"https:\/\/thayneish.net\/denise\/wp-json\/wp\/v2\/pages\/126","targetHints":{"allow":["GET"]}}],"collection":[{"href":"https:\/\/thayneish.net\/denise\/wp-json\/wp\/v2\/pages"}],"about":[{"href":"https:\/\/thayneish.net\/denise\/wp-json\/wp\/v2\/types\/page"}],"author":[{"embeddable":true,"href":"https:\/\/thayneish.net\/denise\/wp-json\/wp\/v2\/users\/1"}],"replies":[{"embeddable":true,"href":"https:\/\/thayneish.net\/denise\/wp-json\/wp\/v2\/comments?post=126"}],"version-history":[{"count":3,"href":"https:\/\/thayneish.net\/denise\/wp-json\/wp\/v2\/pages\/126\/revisions"}],"predecessor-version":[{"id":216,"href":"https:\/\/thayneish.net\/denise\/wp-json\/wp\/v2\/pages\/126\/revisions\/216"}],"wp:attachment":[{"href":"https:\/\/thayneish.net\/denise\/wp-json\/wp\/v2\/media?parent=126"}],"curies":[{"name":"wp","href":"https:\/\/api.w.org\/{rel}","templated":true}]}}